{"id":452,"date":"2020-08-12T17:35:41","date_gmt":"2020-08-12T08:35:41","guid":{"rendered":"http:\/\/wps.itc.kansai-u.ac.jp\/sakutai\/?page_id=452"},"modified":"2020-08-12T17:54:42","modified_gmt":"2020-08-12T08:54:42","slug":"previous-works","status":"publish","type":"page","link":"https:\/\/wps.itc.kansai-u.ac.jp\/sakutai\/english\/members\/hitoshi-ishida\/publications\/previous-works\/","title":{"rendered":"Previous Works"},"content":{"rendered":"\n<p>Stereoselective formation of chiral metallopeptides<br> G. Rama, A. Ard\u00e1, J.-D. Mar\u00e9chal, I. Gamba, H. Ishida, J. Jim\u00e9nez-Barbero, M. E. V\u00e1zquez, M. V. L\u00f3pez, <em>Chem. Eur. J<\/em>., <strong>18<\/strong>, 7030\u20137035 (2012). [Selected as the inside cover picture] <br> <\/p>\n\n\n\n<p>Chain Reaction for Isomerization from <em>trans<\/em>(Cl) to <em>cis<\/em>(Cl)-Ru(bpy)(CO)<sub>2<\/sub>Cl<sub>2<\/sub> (bpy = 2,2\u2019-Bipyridine) Induced by NaBH<sub>4<\/sub><br> Y. Kuramochi, Y. Ito, H. Ishida, <em>Eur. J. Inorg. Chem.<\/em>, <strong>2012<\/strong>, 1167\u20131170 (2012).<br>  <\/p>\n\n\n\n<p>Synthesis of ruthenium tris(2,2&#8242;-bipyridine)-type complexes tethered to peptides at 5,5&#8242;-positions<br> Y. Shiina, S. Oishi, H. Ishida, <em>Tetrahedron Lett.<\/em>, <strong>53<\/strong><em>,<\/em> 1249\u20131252 (2012).<br> <\/p>\n\n\n\n<p>Reevaluation of Absolute Luminescence Quantum Yields of Standard Solutions Using a Spectrometer with an Integrating Sphere And a Back-Thinned CCD Detector<br> K. Suzuki, A. Kobayashi, S. Kaneko, K. Takehira, T. Yoshihara, H. Ishida, Y. Shiina, S. Oishi, S. Tobita, <em>Phys. Chem. Chem. Phys<\/em>. <strong>11<\/strong>, 9850-9860 (2009).<br> <\/p>\n\n\n\n<p>Artificial Metalloproteins with a Ruthenium Tris(bipyridyl) Complex as the Core<br> H. Ishida, Y. Maruyama, M. Kyakuno, Y. Kodera, T. Maeda, S. Oishi, <em>ChemBioChem<\/em>, <strong>7<\/strong>, 1567-1570 (2006).<br> <\/p>\n\n\n\n<p>Photophysical Properties and Excitation Polarization of <em>fac\/mer<\/em>-Ruthenium Complexes with 5\u2019-Amino-2,2\u2019-Bipyridine-5-Carboxylic Acid Derivatives<br> M. Kyakuno, S. Oishi, H. Ishida, <em>Inorg. Chem<\/em>., <strong>45<\/strong>, 3756-3765 (2006).<br> <\/p>\n\n\n\n<p>An Unnatural Amino Acid Bearing Bipyridyl Backbone: Selective Formation of <em>mer<\/em>-Isomers for Iron(II) Tris-chelate Complexes<br> M. Kyakuno, S. Oishi, H. Ishida, <em>Chem. Lett.,<\/em> <strong>34<\/strong>, 1554-1555 (2005).<br> <\/p>\n\n\n\n<p>Molecular Design of Functional Peptides by Utilizing Unnatural Amino Acids: Toward Artificial and Photo-functional Protein\u201d<br> H. Ishida, M. Kyakuno, S. Oishi, <em>Biopolymers (Peptide Science)<\/em>, <strong>76<\/strong>, 69-82 (2004).<br>  <\/p>\n\n\n\n<p>Structural and Photophysical Characterisation of Coordination and Optical Isomers of Mononuclear Ruthenium(II) Polypyridyl 1,2,4-Triazole Complexes<br> W. R. Browne, D. Hesek, J. F. Gallagher, C. M. O&#8217;Connor, J. Scott Killeen, F. Aoki, H. Ishida, Y. Inoue, C. Villani, J. G. Vos, <em>Dalton Trans.<\/em>, <strong>2003<\/strong>, 2597-2602.<br> <\/p>\n\n\n\n<p>Lanthanum(III)-Catalyzed Degradation of Cellulose at 250 \u00b0C<br> K. Seri, T. Sakaki, M. Shibata Y. Inoue, H. Ishida, <em>Bioresource Technology<\/em>, <strong>81<\/strong>, 257-260 (2002).<br> <\/p>\n\n\n\n<p>Molecular Design and Synthesis of Artificial Ion Channels Based on Cyclic Peptides Containing Unnatural Amino Acids<br> H. Ishida, Z. Qi, M. Sokabe, K. Donowaki, Y. Inoue, <em>J. Org. Chem.<\/em>, <strong>66<\/strong>, 2978-2989 (2001).<br> <\/p>\n\n\n\n<p>Catalytic Activity of Lanthanide(III) Ions for the Dehydration of Hexose to 5-Hydroxymethyl-2-furaldehyde in Water<br> K. Seri, Y. Inoue, H. Ishida, <em>Bull. Chem. Soc. Jpn.<\/em>, <strong>74<\/strong>, 1145-1150 (2001).<br> <\/p>\n\n\n\n<p>Novel Synthetic Routes to Several New, Differentially Substituted Ruthenium Tris(Bipyridine) Complexes<br> D. Hesek, Y. Inoue, S. R. L. Everitt, H. Ishida, M. Kunieda, M. G. B. Drew, <em>Inorg. Chem.<\/em>, <strong>39<\/strong>, 308-316 (2000).<br><\/p>\n\n\n\n<p>Diastereoselective Preparation and Characterization of Ruthenium Bis(bipyridine) Sulfoxide Complexes<br> D. Hesek, Y. Inoue, S. R. L. Everitt, H. Ishida, M. Kunieda, M. G. B. Drew, <em>Inorg. Chem.<\/em>, <strong>39<\/strong>, 317-324 (2000).<br> <\/p>\n\n\n\n<p>Highly Efficient Catalytic Activity of Lanthanide(III) Ions for Conversion of Saccharides to 5-Hydroxymethyl-2-furfural in Organic Solvents<br> K. Seri, Y. Inoue, H. Ishida, <em>Chem. Lett.<\/em>, <strong>2000<\/strong>, 22-23.<br> <\/p>\n\n\n\n<p>The First Asymmetric Synthesis of Chiral Ruthenium Tris(bipyridine) from Racemic Ruthenium Bis(bipyridine) Complexes<br> D. Hesek, Y. Inoue, H. Ishida, S. R. L. Everitt, M. G. B. Drew, <em>Tetrahedron Lett.<\/em>, <strong>41<\/strong>, 2617-2620 (2000).<br> <\/p>\n\n\n\n<p>Acid-Promoted Rearrangement of Carbonate Functionality Anchored to the Lower Rim of a Calix[4]arene Skeleton: A New Class of Chiral Calix[4]arene and its Chiroptical Properties<br> D. Hesek, Y. Inoue, M. G. B. Drew, P. D. Beer, G. A. Hembury, H. Ishida, F. Aoki, <em>Org. Lett.<\/em>, <strong>2<\/strong>, 2237-2240 (2000).<br> <\/p>\n\n\n\n<p>Artificial Peptides with Unnatural Components Designed for Materializing Protein Function<br> H. Ishida, Y. Inoue, <em>Biopolymers (Peptide Science)<\/em>, <strong>55<\/strong>, 469-478 (2000).<br> <\/p>\n\n\n\n<h2 class=\"wp-block-heading\"><a href=\"https:\/\/wps.itc.kansai-u.ac.jp\/sakutai\/english\/members\/hitoshi-ishida\/publications\/previous-works\/1995-1999\/\">1995 &#8211; 1999<\/a><\/h2>\n\n\n\n<h2 class=\"wp-block-heading\"><a href=\"https:\/\/wps.itc.kansai-u.ac.jp\/sakutai\/english\/members\/hitoshi-ishida\/publications\/previous-works\/1990-1994\/\">1990 &#8211; 1994<\/a><\/h2>\n\n\n\n<h2 class=\"wp-block-heading\">1985 &#8211; 1989<\/h2>\n","protected":false},"excerpt":{"rendered":"<p>Stereoselective formation of chiral meta <a href=\"https:\/\/wps.itc.kansai-u.ac.jp\/sakutai\/english\/members\/hitoshi-ishida\/publications\/previous-works\/\" class=\"read-more\">Read More &#8230;<\/a><\/p>\n","protected":false},"author":186,"featured_media":0,"parent":438,"menu_order":0,"comment_status":"closed","ping_status":"closed","template":"","meta":{"_monsterinsights_skip_tracking":false,"_monsterinsights_sitenote_active":false,"_monsterinsights_sitenote_note":"","_monsterinsights_sitenote_category":0,"footnotes":""},"class_list":["post-452","page","type-page","status-publish","hentry"],"_links":{"self":[{"href":"https:\/\/wps.itc.kansai-u.ac.jp\/sakutai\/wp-json\/wp\/v2\/pages\/452","targetHints":{"allow":["GET"]}}],"collection":[{"href":"https:\/\/wps.itc.kansai-u.ac.jp\/sakutai\/wp-json\/wp\/v2\/pages"}],"about":[{"href":"https:\/\/wps.itc.kansai-u.ac.jp\/sakutai\/wp-json\/wp\/v2\/types\/page"}],"author":[{"embeddable":true,"href":"https:\/\/wps.itc.kansai-u.ac.jp\/sakutai\/wp-json\/wp\/v2\/users\/186"}],"replies":[{"embeddable":true,"href":"https:\/\/wps.itc.kansai-u.ac.jp\/sakutai\/wp-json\/wp\/v2\/comments?post=452"}],"version-history":[{"count":7,"href":"https:\/\/wps.itc.kansai-u.ac.jp\/sakutai\/wp-json\/wp\/v2\/pages\/452\/revisions"}],"predecessor-version":[{"id":466,"href":"https:\/\/wps.itc.kansai-u.ac.jp\/sakutai\/wp-json\/wp\/v2\/pages\/452\/revisions\/466"}],"up":[{"embeddable":true,"href":"https:\/\/wps.itc.kansai-u.ac.jp\/sakutai\/wp-json\/wp\/v2\/pages\/438"}],"wp:attachment":[{"href":"https:\/\/wps.itc.kansai-u.ac.jp\/sakutai\/wp-json\/wp\/v2\/media?parent=452"}],"curies":[{"name":"wp","href":"https:\/\/api.w.org\/{rel}","templated":true}]}}