{"id":83,"date":"2019-05-19T20:32:53","date_gmt":"2019-05-19T11:32:53","guid":{"rendered":"http:\/\/wps.itc.kansai-u.ac.jp\/jadh2019\/?page_id=83"},"modified":"2019-08-31T10:46:55","modified_gmt":"2019-08-31T01:46:55","slug":"sessions","status":"publish","type":"page","link":"https:\/\/wps.itc.kansai-u.ac.jp\/jadh2019\/sessions\/","title":{"rendered":"SESSIONS"},"content":{"rendered":"<h2><span style=\"color: #000080\">30-Aug,\u00a0 Conference Hall 1<\/span><\/h2>\n<hr id=\"SP1\" \/>\n<h3>9:45~10:45<\/h3>\n<h3><span style=\"color: #000000\">Session Long Paper 1: Developing DH<\/span><\/h3>\n<h3>Chair: Tabata Tomoji<\/h3>\n<ol>\n<li><a href=\"http:\/\/wps.itc.kansai-u.ac.jp\/jadh2019\/wp-content\/uploads\/sites\/113\/2019\/08\/JADH2019proceedings.pdf#page=19\" target=\"_blank\" rel=\"noopener\"><em>Developing a Digital Humanities and Social Science Learning Environment in view of e-Learning<\/em><\/a>: Chyi-Kuan Wang, Chih-Ming Chen, Chiao-Min Lin, Lin-Kuei Tsai, Ting-Wei Chiang, Wei-Yuan Fan<\/li>\n<li><a href=\"http:\/\/wps.itc.kansai-u.ac.jp\/jadh2019\/wp-content\/uploads\/sites\/113\/2019\/08\/JADH2019proceedings.pdf#page=23\" target=\"_blank\" rel=\"noopener\"><em>The History of Australian Digital Humanities<\/em><\/a>: Paul Arthur<\/li>\n<\/ol>\n<hr id=\"SP2\" \/>\n<h3>11:05~12:05<\/h3>\n<h3>Session Long Paper 2: Analyzing society<\/h3>\n<h3>Chair: Bor Hodoscek<\/h3>\n<ol>\n<li><a href=\"http:\/\/wps.itc.kansai-u.ac.jp\/jadh2019\/wp-content\/uploads\/sites\/113\/2019\/08\/JADH2019proceedings.pdf#page=26\" target=\"_blank\" rel=\"noopener\"><em>From Tables to Graphs: The Korean Yangban Network Data in Cytoscape and Neo4j<\/em><\/a><br \/>\n: Javier Cha<\/li>\n<li><a href=\"http:\/\/wps.itc.kansai-u.ac.jp\/jadh2019\/wp-content\/uploads\/sites\/113\/2019\/08\/JADH2019proceedings.pdf#page=27\" target=\"_blank\" rel=\"noopener\"><em>Equal Rights over Child Custody in Taiwanese Transnational Marriages: Natural Language Processing and Machine Learning in Legal Text<\/em><\/a>: Hsuanlei Shao, Siehchuen Huang<\/li>\n<\/ol>\n<hr id=\"PS\" \/>\n<h3>16:00~17:30<\/h3>\n<h3>Poster session with poster slam<\/h3>\n<h3>Chair: Asanobu Kitamoto<\/h3>\n<ol>\n<li><a href=\"http:\/\/wps.itc.kansai-u.ac.jp\/jadh2019\/wp-content\/uploads\/sites\/113\/2019\/08\/JADH2019proceedings.pdf#page=70\" target=\"_blank\" rel=\"noopener\"><em>A Quantitative Approach to a New Digital Platform of Ancient and Medieval Japanese Sutras<\/em><\/a>: Aiko AIDA<\/li>\n<li><a href=\"http:\/\/wps.itc.kansai-u.ac.jp\/jadh2019\/wp-content\/uploads\/sites\/113\/2019\/08\/JADH2019proceedings.pdf#page=72\" target=\"_blank\" rel=\"noopener\"><em>A Preliminary Consideration on Designing Domain Ontologies on Local Foods and Their Real Stories<\/em><\/a>: Ikue KAWAMURA<\/li>\n<li><a href=\"http:\/\/wps.itc.kansai-u.ac.jp\/jadh2019\/wp-content\/uploads\/sites\/113\/2019\/08\/JADH2019proceedings.pdf#page=74\" target=\"_blank\" rel=\"noopener\"><em>An Analysis of the Differences Between Classical and Contemporary Poetic Vocabulary of the Kokinshu<\/em><\/a>:\u00a0 Hilofumi YAMAMOTO, Bor Hodo\u0161\u010dek<\/li>\n<li><a href=\"http:\/\/wps.itc.kansai-u.ac.jp\/jadh2019\/wp-content\/uploads\/sites\/113\/2019\/08\/JADH2019proceedings.pdf#page=78\" target=\"_blank\" rel=\"noopener\"><em>An innovative dynamic visual model for digital archive in traditional cultural Heritage \u2013 Evidence from Stone fish weirs Culture in Penghu, Taiwan<\/em><\/a>: Ju Chuan Wu, Jui Chi Wang<\/li>\n<li><a href=\"http:\/\/wps.itc.kansai-u.ac.jp\/jadh2019\/wp-content\/uploads\/sites\/113\/2019\/08\/JADH2019proceedings.pdf#page=80\" target=\"_blank\" rel=\"noopener\"><em>Analyzing Cybersecurity-related Articles from World\u2019s Major Newspapers<\/em><\/a>: Piyush Ghasiya, Koji OKAMURA<\/li>\n<li><a href=\"http:\/\/wps.itc.kansai-u.ac.jp\/jadh2019\/wp-content\/uploads\/sites\/113\/2019\/08\/JADH2019proceedings.pdf#page=82\" target=\"_blank\" rel=\"noopener\"><em>Approach to develop Digital Collection for Small Organization considering Sustainability and Reusability with IIIF and Static File<\/em><\/a>: Satoru NAKAMURA<\/li>\n<li><a href=\"http:\/\/wps.itc.kansai-u.ac.jp\/jadh2019\/wp-content\/uploads\/sites\/113\/2019\/08\/JADH2019proceedings.pdf#page=85\" target=\"_blank\" rel=\"noopener\"><em>Building Models from Topic Models<\/em><\/a>: Radim Hladik<\/li>\n<li><a href=\"http:\/\/wps.itc.kansai-u.ac.jp\/jadh2019\/wp-content\/uploads\/sites\/113\/2019\/08\/JADH2019proceedings.pdf#page=90\" target=\"_blank\" rel=\"noopener\"><em>Deep Learning based Japanese Early Books Understanding<\/em><\/a>: BING LYU<\/li>\n<li>\u00a0<a href=\"http:\/\/wps.itc.kansai-u.ac.jp\/jadh2019\/wp-content\/uploads\/sites\/113\/2019\/08\/JADH2019proceedings.pdf#page=92\" target=\"_blank\" rel=\"noopener\"><em>Emotional Effect on Utterance Styles in Fiction Writing<\/em><\/a>: Hajime MURAI<\/li>\n<li><a href=\"http:\/\/wps.itc.kansai-u.ac.jp\/jadh2019\/wp-content\/uploads\/sites\/113\/2019\/08\/JADH2019proceedings.pdf#page=96\" target=\"_blank\" rel=\"noopener\"><em>End to End word spotting network for modern Japanese magazines<\/em><\/a>: Anh Duc Le<\/li>\n<li><em><a href=\"http:\/\/wps.itc.kansai-u.ac.jp\/jadh2019\/wp-content\/uploads\/sites\/113\/2019\/08\/JADH2019proceedings.pdf#page=99\" target=\"_blank\" rel=\"noopener\">Facilitating Digital Humanities Research in Central Europe through the Advanced Speech and Image Processing Technologies<\/a>:<\/em>\u00a0Jan \u0160vec, Petr Stanislav, Marek Hr\u00faz, Ale\u0161 Pra\u017e\u00e1k, Josef V. Psutka, Pavel Ircing<\/li>\n<li><em><a href=\"http:\/\/wps.itc.kansai-u.ac.jp\/jadh2019\/wp-content\/uploads\/sites\/113\/2019\/08\/JADH2019proceedings.pdf#page=103\" target=\"_blank\" rel=\"noopener\">Honkoku2: Towards a Large-scale Transcription of Pre-modern Japanese Manuscripts<\/a>:<\/em>\u00a0Yuta HASHIMOTO, Yasuyuki KANO<\/li>\n<li><em><a href=\"http:\/\/wps.itc.kansai-u.ac.jp\/jadh2019\/wp-content\/uploads\/sites\/113\/2019\/08\/JADH2019proceedings.pdf#page=106\" target=\"_blank\" rel=\"noopener\">Musical Pitch Expansion by Spectral Peak Shifting for Japanese Traditional Music Box<\/a>:<\/em>\u00a0Shoji UEDA, Misaki OTSUKA, Takahiro FUKUMORI, Takanobu NISHIURA, Ryo AKAMA<\/li>\n<li><a href=\"http:\/\/wps.itc.kansai-u.ac.jp\/jadh2019\/wp-content\/uploads\/sites\/113\/2019\/08\/JADH2019proceedings.pdf#page=110\" target=\"_blank\" rel=\"noopener\"><em>Potentials of Games With a Purpose and Audience Participation Games for Descriptive Data Collection in Humanities Research<\/em><\/a>: Ngoc Cuong Nguyen, Paliyawan Pujana, Ruck Thawonmas, Hai V. Pham, Tomohiro HARADA<\/li>\n<li><a href=\"http:\/\/wps.itc.kansai-u.ac.jp\/jadh2019\/wp-content\/uploads\/sites\/113\/2019\/08\/JADH2019proceedings.pdf#page=113\" target=\"_blank\" rel=\"noopener\"><em>Putting the Official History in Personal Memory: TEI and LOD<\/em><\/a>: Sho MAKINO<\/li>\n<li><a href=\"http:\/\/wps.itc.kansai-u.ac.jp\/jadh2019\/wp-content\/uploads\/sites\/113\/2019\/08\/JADH2019proceedings.pdf#page=115\" target=\"_blank\" rel=\"noopener\"><em>Query-Based Mashups of Historical Live Music Recordings<\/em><\/a>: Florian Thalmann, Thomas Wilmering, Mark B. Sandler<\/li>\n<li><em><a href=\"http:\/\/wps.itc.kansai-u.ac.jp\/jadh2019\/wp-content\/uploads\/sites\/113\/2019\/08\/JADH2019proceedings.pdf#page=119\" target=\"_blank\" rel=\"noopener\">Rubbing Character Recognition base on Deep Learning and Lexical Analysis<\/a>:<\/em>\u00a0ZHIYU ZHANG<\/li>\n<li><a href=\"http:\/\/wps.itc.kansai-u.ac.jp\/jadh2019\/wp-content\/uploads\/sites\/113\/2019\/08\/JADH2019proceedings.pdf#page=122\" target=\"_blank\" rel=\"noopener\"><em>The Hidden Link &#8212; A Clue to Explore the Relationships among Poets, Capitalists and Social Activists Through Analytical Tools<\/em><\/a>: Su-Bing Chang, Hao-Ren Ke, Shun-Hong Sie<\/li>\n<li><a href=\"http:\/\/wps.itc.kansai-u.ac.jp\/jadh2019\/wp-content\/uploads\/sites\/113\/2019\/08\/JADH2019proceedings.pdf#page=127\" target=\"_blank\" rel=\"noopener\"><em>Thou and You in Emily Dickinson\u2019s Poems Using Topic Modeling: Reconsideration of Interjections<\/em><\/a>: Miki OKABE<\/li>\n<\/ol>\n<hr \/>\n<p>&nbsp;<\/p>\n<p>&nbsp;<\/p>\n<h2><span style=\"color: #000080\">31-Aug, Conference Hall 1<\/span><\/h2>\n<hr id=\"SP3\" \/>\n<h3>9:30-10:30<\/h3>\n<h3>Session Long Paper 3: Across international borders<\/h3>\n<h3>Chair:\u00a0Hilofumi Yamamoto<\/h3>\n<ol>\n<li><a href=\"http:\/\/wps.itc.kansai-u.ac.jp\/jadh2019\/wp-content\/uploads\/sites\/113\/2019\/08\/JADH2019proceedings.pdf#page=30\" target=\"_blank\" rel=\"noopener\"><em>The Poetics of Scale: The Convergence of Digital Humanities and World Literature<\/em><\/a><br \/>\n: Youngmin Kim<\/li>\n<li><a href=\"http:\/\/wps.itc.kansai-u.ac.jp\/jadh2019\/wp-content\/uploads\/sites\/113\/2019\/08\/JADH2019proceedings.pdf#page=33\" target=\"_blank\" rel=\"noopener\"><em>Who Studies Japan, What and When: Analysis of Journal of \u201cJapanese Studies\u201d by Machine Learning and Natural Language Processing<\/em><\/a>: Hsuanlei Shao<\/li>\n<li><a href=\"http:\/\/wps.itc.kansai-u.ac.jp\/jadh2019\/wp-content\/uploads\/sites\/113\/2019\/08\/JADH2019proceedings.pdf#page=38\" target=\"_blank\" rel=\"noopener\"><em>Localization in the Context of Japan of a Large-Scale Relational Biographical Database on the Model of the China Biographical Database<\/em><\/a>: Bettina Gramlich-Oka, Michael Fuller<\/li>\n<\/ol>\n<hr id=\"SP4\" \/>\n<h3>10:50~12:20<\/h3>\n<h3>Session Long Paper 4: Challenging media<\/h3>\n<h3>Chair:\u00a0Yuta Hashimoto<\/h3>\n<ol>\n<li><a href=\"http:\/\/wps.itc.kansai-u.ac.jp\/jadh2019\/wp-content\/uploads\/sites\/113\/2019\/08\/JADH2019proceedings.pdf#page=40\" target=\"_blank\" rel=\"noopener\"><em>Potentials and challenges of a data-driven perspective on videogame production, distribution and reception<\/em><\/a>: Martin Roth<\/li>\n<li><a href=\"http:\/\/wps.itc.kansai-u.ac.jp\/jadh2019\/wp-content\/uploads\/sites\/113\/2019\/08\/JADH2019proceedings.pdf#page=42\" target=\"_blank\" rel=\"noopener\"><em>Predicting Book Circulation Across a Large Public Library System<\/em><\/a>: John Shanahan<\/li>\n<\/ol>\n<hr id=\"Panel\" \/>\n<h3>13:30-15:00<\/h3>\n<h3>Panel Session:\u00a0Models of Context Discovery Systems for Different Archives<\/h3>\n<ol>\n<li><a href=\"http:\/\/wps.itc.kansai-u.ac.jp\/jadh2019\/wp-content\/uploads\/sites\/113\/2019\/08\/JADH2019proceedings.pdf#page=46\" target=\"_blank\" rel=\"noopener\">The Border in Missionaries\u2019 Imagination: Through the Chinese Recorder Index Searching Engine (CRISE)<\/a>: Chijui Hu<\/li>\n<li><a href=\"http:\/\/wps.itc.kansai-u.ac.jp\/jadh2019\/wp-content\/uploads\/sites\/113\/2019\/08\/JADH2019proceedings.pdf#page=46\" target=\"_blank\" rel=\"noopener\">An user-oriented HGIS platform on Taiwanese Land Deeds<\/a>: Chih-Yang Huang.<\/li>\n<li><a href=\"http:\/\/wps.itc.kansai-u.ac.jp\/jadh2019\/wp-content\/uploads\/sites\/113\/2019\/08\/JADH2019proceedings.pdf#page=46\" target=\"_blank\" rel=\"noopener\">Dan-Hsin Archives on DocuSky: an \u00a0application to Hakka Research<\/a>: I-Mei Hung<\/li>\n<\/ol>\n<hr id=\"SS\" \/>\n<h3>15:20~16:50<\/h3>\n<h3>Session Short Paper<\/h3>\n<h3>Chair:\u00a0Satoru Nakamura<\/h3>\n<ol>\n<li><a href=\"http:\/\/wps.itc.kansai-u.ac.jp\/jadh2019\/wp-content\/uploads\/sites\/113\/2019\/08\/JADH2019proceedings.pdf#page=48\" target=\"_blank\" rel=\"noopener\"><em>Pre-modern Japanese Books as Data of Humanities: Finding Image of Edo Famous Place from Meisho-Ki \u540d\u6240\u8a18 and Meisho-Zue \u540d\u6240\u56f3\u4f1a using IIIF<\/em><\/a><br \/>\n: Chikahiko SUZUKI, Asanobu Kitamoto<\/li>\n<li><a href=\"http:\/\/wps.itc.kansai-u.ac.jp\/jadh2019\/wp-content\/uploads\/sites\/113\/2019\/08\/JADH2019proceedings.pdf#page=52\" target=\"_blank\" rel=\"noopener\"><em>A study on narrative structure and change factors of emotions through analysis of literary emotions &#8211; Focusing on Korean Classic Novel The Cloud Dream of the Nine(\u4e5d\u96f2\u5922) &#8211;<\/em><\/a>: Kim Ba-ro, Kang Woo-kyu<\/li>\n<li><a href=\"http:\/\/wps.itc.kansai-u.ac.jp\/jadh2019\/wp-content\/uploads\/sites\/113\/2019\/08\/JADH2019proceedings.pdf#page=55\" target=\"_blank\" rel=\"noopener\"><em>Hoshi: A Japanese Morphological Adorner for TEI XML<\/em><\/a>: Jerry Bonnell, Mitsunori Ogihara<\/li>\n<li><a href=\"http:\/\/wps.itc.kansai-u.ac.jp\/jadh2019\/wp-content\/uploads\/sites\/113\/2019\/08\/JADH2019proceedings.pdf#page=58\" target=\"_blank\" rel=\"noopener\"><em>The Bibliography is not Flat: Crowd-sourced Visualizations, Glocal Knowledge<\/em><\/a>: William Eng Keat Chong<\/li>\n<li><a href=\"http:\/\/wps.itc.kansai-u.ac.jp\/jadh2019\/wp-content\/uploads\/sites\/113\/2019\/08\/JADH2019proceedings.pdf#page=61\" target=\"_blank\" rel=\"noopener\"><em>Establishment of the Ukiyo-e Similarity Database by a GWAP Game<\/em><\/a>: Zhenao WEI<\/li>\n<li><a href=\"http:\/\/wps.itc.kansai-u.ac.jp\/jadh2019\/wp-content\/uploads\/sites\/113\/2019\/08\/JADH2019proceedings.pdf#page=65\" target=\"_blank\" rel=\"noopener\"><em>Image-Based Content Indexing for Books with Iconographic Elements &#8211; the Case of Bukan Complete Collection<\/em><\/a>:\u00a0 Hakim Invernizzi, Asanobu Kitamoto, Fr\u00e9d\u00e9ric Kaplan<\/li>\n<\/ol>\n<hr \/>\n<p>&nbsp;<\/p>\n","protected":false},"excerpt":{"rendered":"<p>30-Aug,\u00a0 Conference Hall 1 9:45~10:45 Session Long Paper 1: Developing DH Chair: Tabata Tomoji Developing a Di &hellip; <a href=\"https:\/\/wps.itc.kansai-u.ac.jp\/jadh2019\/sessions\/\" class=\"more-link\">\u7d9a\u304d\u3092\u8aad\u3080 <span class=\"screen-reader-text\">SESSIONS<\/span> <span class=\"meta-nav\">&rarr;<\/span><\/a><\/p>\n","protected":false},"author":114,"featured_media":0,"parent":0,"menu_order":0,"comment_status":"closed","ping_status":"closed","template":"","meta":{"_monsterinsights_skip_tracking":false,"_monsterinsights_sitenote_active":false,"_monsterinsights_sitenote_note":"","_monsterinsights_sitenote_category":0,"footnotes":""},"class_list":["post-83","page","type-page","status-publish","hentry"],"_links":{"self":[{"href":"https:\/\/wps.itc.kansai-u.ac.jp\/jadh2019\/wp-json\/wp\/v2\/pages\/83","targetHints":{"allow":["GET"]}}],"collection":[{"href":"https:\/\/wps.itc.kansai-u.ac.jp\/jadh2019\/wp-json\/wp\/v2\/pages"}],"about":[{"href":"https:\/\/wps.itc.kansai-u.ac.jp\/jadh2019\/wp-json\/wp\/v2\/types\/page"}],"author":[{"embeddable":true,"href":"https:\/\/wps.itc.kansai-u.ac.jp\/jadh2019\/wp-json\/wp\/v2\/users\/114"}],"replies":[{"embeddable":true,"href":"https:\/\/wps.itc.kansai-u.ac.jp\/jadh2019\/wp-json\/wp\/v2\/comments?post=83"}],"version-history":[{"count":63,"href":"https:\/\/wps.itc.kansai-u.ac.jp\/jadh2019\/wp-json\/wp\/v2\/pages\/83\/revisions"}],"predecessor-version":[{"id":557,"href":"https:\/\/wps.itc.kansai-u.ac.jp\/jadh2019\/wp-json\/wp\/v2\/pages\/83\/revisions\/557"}],"wp:attachment":[{"href":"https:\/\/wps.itc.kansai-u.ac.jp\/jadh2019\/wp-json\/wp\/v2\/media?parent=83"}],"curies":[{"name":"wp","href":"https:\/\/api.w.org\/{rel}","templated":true}]}}