{"id":841,"date":"2023-08-30T14:30:59","date_gmt":"2023-08-30T05:30:59","guid":{"rendered":"https:\/\/wps.itc.kansai-u.ac.jp\/icp\/?page_id=841"},"modified":"2023-09-06T09:07:47","modified_gmt":"2023-09-06T00:07:47","slug":"ara-publication","status":"publish","type":"page","link":"https:\/\/wps.itc.kansai-u.ac.jp\/icp\/arabic\/ara-publication\/","title":{"rendered":"Ara Publication"},"content":{"rendered":"\n<div class=\"wp-block-cover alignfull\" style=\"min-height:334px;aspect-ratio:unset;\"><span aria-hidden=\"true\" class=\"wp-block-cover__background has-background-dim-20 has-background-dim\"><\/span><img loading=\"lazy\" decoding=\"async\" width=\"2048\" height=\"1536\" class=\"wp-block-cover__image-background wp-image-303\" alt=\"\" src=\"https:\/\/wps.itc.kansai-u.ac.jp\/icp\/wp-content\/uploads\/sites\/289\/2023\/05\/publication.jpg\" style=\"object-position:62% 0%\" data-object-fit=\"cover\" data-object-position=\"62% 0%\" srcset=\"https:\/\/wps.itc.kansai-u.ac.jp\/icp\/wp-content\/uploads\/sites\/289\/2023\/05\/publication.jpg 2048w, https:\/\/wps.itc.kansai-u.ac.jp\/icp\/wp-content\/uploads\/sites\/289\/2023\/05\/publication-300x225.jpg 300w, https:\/\/wps.itc.kansai-u.ac.jp\/icp\/wp-content\/uploads\/sites\/289\/2023\/05\/publication-1024x768.jpg 1024w, https:\/\/wps.itc.kansai-u.ac.jp\/icp\/wp-content\/uploads\/sites\/289\/2023\/05\/publication-768x576.jpg 768w, https:\/\/wps.itc.kansai-u.ac.jp\/icp\/wp-content\/uploads\/sites\/289\/2023\/05\/publication-1536x1152.jpg 1536w\" sizes=\"auto, (max-width: 2048px) 100vw, 2048px\" \/><div class=\"wp-block-cover__inner-container is-layout-flow wp-block-cover-is-layout-flow\">\n<p class=\"has-text-align-center has-white-color has-text-color has-large-font-size\">\u51fa\u7248\u7269<br>Publication<br>\u0645\u0646\u0634\u0648\u0631\u0627\u062a<\/p>\n<\/div><\/div>\n\n\n\n<div style=\"height:10px\" aria-hidden=\"true\" class=\"wp-block-spacer\"><\/div>\n\n\n\n<div class=\"wp-block-group is-nowrap is-layout-flex wp-container-core-group-is-layout-f66f9956 wp-block-group-is-layout-flex\">\n<p class=\"has-small-font-size\"><a href=\"https:\/\/wps.itc.kansai-u.ac.jp\/icp\/\" data-type=\"page\" data-id=\"2\">\u30db\u30fc\u30e0<\/a><\/p>\n\n\n\n<p class=\"has-text-color\" style=\"color:#104e87c7;font-size:12px\">\uff1e<\/p>\n\n\n\n<p class=\"has-small-font-size\">\u0645\u0646\u0634\u0648\u0631\u0627\u062a<\/p>\n<\/div>\n\n\n\n<div style=\"height:50px\" aria-hidden=\"true\" class=\"wp-block-spacer\"><\/div>\n\n\n\n<hr class=\"wp-block-separator has-text-color has-alpha-channel-opacity has-background is-style-wide\" style=\"background-color:#1e69b01c;color:#1e69b01c\" \/>\n\n\n\n<p class=\"has-text-align-right has-text-color has-large-font-size\" style=\"color:#1e6bb1;padding-top:0;padding-right:0px;padding-bottom:0;padding-left:0px;line-height:1.5\">Badanie Techniki, Technologii i Stanu Zachowania Malowide\u0142 \u015aciennych Wybranych Artyst\u00f3w M\u0142odej Polski na Terenie Wielkopolski<\/p>\n\n\n\n<p class=\"has-text-align-right has-text-color has-medium-font-size\" style=\"color:#1e6bb1;padding-top:0;padding-right:0px;padding-bottom:var(--wp--preset--spacing--40);padding-left:0px;line-height:0\"><sup><sub>2010<\/sub><\/sup><\/p>\n\n\n\n<hr class=\"wp-block-separator has-text-color has-alpha-channel-opacity has-background is-style-wide\" style=\"background-color:#1e69b0ad;color:#1e69b0ad\" \/>\n\n\n\n<div style=\"height:30px\" aria-hidden=\"true\" class=\"wp-block-spacer\"><\/div>\n\n\n\n<div class=\"wp-block-group has-background is-layout-constrained wp-container-core-group-is-layout-207c57c1 wp-block-group-is-layout-constrained\" style=\"background:linear-gradient(90deg,rgba(0,0,0,0) 20%,rgba(30,105,176,0.06) 20%);padding-top:3em;padding-right:10%;padding-bottom:5%;padding-left:0px\">\n<div class=\"wp-block-columns is-layout-flex wp-container-core-columns-is-layout-6b075e1c wp-block-columns-is-layout-flex\" style=\"margin-bottom:3em\">\n<div class=\"wp-block-column is-layout-flow wp-block-column-is-layout-flow\" style=\"flex-basis:50%\">\n<p class=\"has-text-align-right\">\u0627\u0644\u0623\u0633\u062a\u0627\u0630\u0629 \u0627\u064a\u0648\u0627 \u0631\u0648\u0632\u0646\u064a\u0631\u0633\u0643\u0627 (\u0641\u0631\u064a\u0642 \u0627\u0644\u0635\u064a\u0627\u0646\u0629 \u0648\u0627\u0644\u062a\u0631\u0645\u064a\u0645) \u0646\u0634\u0631\u062a \u0643\u062a\u0627\u0628<br>Badanie Techniki, Technologii i Stanu Zachowania Malowide\u0142 \u015aciennych Wybranych Artyst\u00f3w M\u0142odej Polski na Terenie Wielkopolski.<\/p>\n\n\n\n<p class=\"has-text-align-right\">\u0647\u0648 \u0643\u064f\u062a\u0628 \u0639\u0646 \u062d\u0641\u0638 \u0627\u0644\u0644\u0648\u062d\u0627\u062a \u0627\u0644\u062c\u062f\u0627\u0631\u064a\u0629 \u0641\u0649 \u0627\u0644\u0642\u0631\u0648\u0646 \u0627\u0644\u0648\u0633\u0637\u0649 \u0641\u0649 \u0628\u0648\u0644\u0646\u062f\u0627 \u0648\u0627\u0644\u0623\u0628\u062d\u0627\u062b \u0627\u0644\u062a\u0649 \u0644\u0647\u0627 \u0635\u0644\u0629 \u0628\u062a\u0642\u0646\u064a\u0627\u062a \u0627\u0644\u062d\u0641\u0638 \u0645\u0646 \u0623\u062c\u0644 \u0627\u0644\u0644\u0648\u062d\u0627\u062a \u0627\u0644\u062c\u062f\u0627\u0631\u064a\u0629.<\/p>\n<\/div>\n\n\n\n<div class=\"wp-block-column is-layout-flow wp-block-column-is-layout-flow\" style=\"flex-basis:50%\">\n<figure class=\"wp-block-image aligncenter size-full\"><img loading=\"lazy\" decoding=\"async\" width=\"400\" height=\"544\" src=\"https:\/\/wps.itc.kansai-u.ac.jp\/icp\/wp-content\/uploads\/sites\/289\/2023\/08\/ewa-book-big.jpg\" alt=\"\" class=\"wp-image-519\" srcset=\"https:\/\/wps.itc.kansai-u.ac.jp\/icp\/wp-content\/uploads\/sites\/289\/2023\/08\/ewa-book-big.jpg 400w, https:\/\/wps.itc.kansai-u.ac.jp\/icp\/wp-content\/uploads\/sites\/289\/2023\/08\/ewa-book-big-221x300.jpg 221w\" sizes=\"auto, (max-width: 400px) 100vw, 400px\" \/><\/figure>\n<\/div>\n<\/div>\n<\/div>\n\n\n\n<div style=\"height:30px\" aria-hidden=\"true\" class=\"wp-block-spacer\"><\/div>\n\n\n\n<hr class=\"wp-block-separator has-text-color has-alpha-channel-opacity has-background is-style-wide\" style=\"background-color:#1e69b01c;color:#1e69b01c\" \/>\n\n\n\n<p class=\"has-text-align-right has-text-color has-large-font-size\" style=\"color:#1e6bb1;padding-top:0;padding-right:0px;padding-bottom:0;padding-left:0px;line-height:1.5\">Kansai University Institute for Conservation and Restoration of Cultural Properties (ICP)<br>Newsletter #4<\/p>\n\n\n\n<p class=\"has-text-align-right has-text-color has-medium-font-size\" style=\"color:#1e6bb1;padding-top:0;padding-right:0px;padding-bottom:var(--wp--preset--spacing--40);padding-left:0px;line-height:0\"><sup><sub>3\/8\/2012<\/sub><\/sup><\/p>\n\n\n\n<hr class=\"wp-block-separator has-text-color has-alpha-channel-opacity has-background is-style-wide\" style=\"background-color:#1e69b0ad;color:#1e69b0ad\" \/>\n\n\n\n<div style=\"height:30px\" aria-hidden=\"true\" class=\"wp-block-spacer\"><\/div>\n\n\n\n<div class=\"wp-block-group has-background is-layout-constrained wp-container-core-group-is-layout-207c57c1 wp-block-group-is-layout-constrained\" style=\"background:linear-gradient(90deg,rgba(0,0,0,0) 20%,rgba(30,105,176,0.06) 20%);padding-top:3em;padding-right:10%;padding-bottom:5%;padding-left:0px\">\n<div class=\"wp-block-columns is-layout-flex wp-container-core-columns-is-layout-6b075e1c wp-block-columns-is-layout-flex\" style=\"margin-bottom:3em\">\n<div class=\"wp-block-column is-layout-flow wp-block-column-is-layout-flow\" style=\"flex-basis:50%\">\n<h5 class=\"has-text-align-right wp-block-heading\"><strong>\u062c\u062f\u0648\u0644 \u0627\u0644\u0645\u062d\u062a\u0648\u064a\u0627\u062a<\/strong><\/h5>\n\n\n\n<p class=\"has-text-align-right\">\u0627\u0644\u0628\u0639\u062b\u0629 \u0627\u0644\u0645\u0635\u0631\u064a\u0629 \u0633\u0646\u0629 2011<br>\u0623\u0646\u0634\u0637\u0629 \u0627\u0644\u0623\u0628\u062d\u0627\u062b<br>\u0623\u0646\u0634\u0637\u0629 \u0623\u062e\u0631\u0649<br>\u0631\u0648\u062d \u0633\u0627\u0645\u0628\u0648 \u064a\u0648\u0634\u0649<br>\u062e\u0631\u064a\u0637\u0629 \u0627\u0644\u062d\u0631\u0645 \u0627\u0644\u062c\u0627\u0645\u0639\u0649 \/ \u062a\u063a\u0637\u064a\u0629 \u0628\u0627\u0644\u0635\u0648\u0631<\/p>\n\n\n\n<p class=\"has-text-align-right\"><a href=\"https:\/\/wps.itc.kansai-u.ac.jp\/icp\/wp-content\/uploads\/sites\/289\/2023\/08\/newsletter4.pdf\" data-type=\"attachment\" data-id=\"523\" target=\"_blank\" rel=\"noreferrer noopener\">\u0627\u0636\u063a\u0637 \u0647\u0646\u0627 \u0644\u0644\u062a\u062d\u0645\u064a\u0644.<\/a><\/p>\n<\/div>\n\n\n\n<div class=\"wp-block-column is-layout-flow wp-block-column-is-layout-flow\" style=\"flex-basis:50%\">\n<figure class=\"wp-block-image aligncenter size-large\"><img loading=\"lazy\" decoding=\"async\" width=\"724\" height=\"1024\" src=\"https:\/\/wps.itc.kansai-u.ac.jp\/icp\/wp-content\/uploads\/sites\/289\/2023\/08\/newsletter4-724x1024.jpg\" alt=\"\" class=\"wp-image-525\" srcset=\"https:\/\/wps.itc.kansai-u.ac.jp\/icp\/wp-content\/uploads\/sites\/289\/2023\/08\/newsletter4-724x1024.jpg 724w, https:\/\/wps.itc.kansai-u.ac.jp\/icp\/wp-content\/uploads\/sites\/289\/2023\/08\/newsletter4-212x300.jpg 212w, https:\/\/wps.itc.kansai-u.ac.jp\/icp\/wp-content\/uploads\/sites\/289\/2023\/08\/newsletter4-768x1086.jpg 768w, https:\/\/wps.itc.kansai-u.ac.jp\/icp\/wp-content\/uploads\/sites\/289\/2023\/08\/newsletter4-1086x1536.jpg 1086w, https:\/\/wps.itc.kansai-u.ac.jp\/icp\/wp-content\/uploads\/sites\/289\/2023\/08\/newsletter4-1448x2048.jpg 1448w, https:\/\/wps.itc.kansai-u.ac.jp\/icp\/wp-content\/uploads\/sites\/289\/2023\/08\/newsletter4.jpg 1500w\" sizes=\"auto, (max-width: 724px) 100vw, 724px\" \/><\/figure>\n<\/div>\n<\/div>\n<\/div>\n\n\n\n<div style=\"height:30px\" aria-hidden=\"true\" class=\"wp-block-spacer\"><\/div>\n\n\n\n<hr class=\"wp-block-separator has-text-color has-alpha-channel-opacity has-background is-style-wide\" style=\"background-color:#1e69b01c;color:#1e69b01c\" \/>\n\n\n\n<p class=\"has-text-align-right has-text-color has-large-font-size\" style=\"color:#1e6bb1;padding-top:0;padding-right:0px;padding-bottom:0;padding-left:0px;line-height:1.5\">Semawy Menu #3<\/p>\n\n\n\n<p class=\"has-text-align-right has-text-color has-medium-font-size\" style=\"color:#1e6bb1;padding-top:0;padding-right:0px;padding-bottom:var(--wp--preset--spacing--40);padding-left:0px;line-height:0\"><sup><sub>3\/8\/2012<\/sub><\/sup><\/p>\n\n\n\n<hr class=\"wp-block-separator has-text-color has-alpha-channel-opacity has-background is-style-wide\" style=\"background-color:#1e69b0ad;color:#1e69b0ad\" \/>\n\n\n\n<div style=\"height:30px\" aria-hidden=\"true\" class=\"wp-block-spacer\"><\/div>\n\n\n\n<div class=\"wp-block-group has-background is-layout-constrained wp-container-core-group-is-layout-207c57c1 wp-block-group-is-layout-constrained\" style=\"background:linear-gradient(90deg,rgba(0,0,0,0) 20%,rgba(30,105,176,0.06) 20%);padding-top:3em;padding-right:10%;padding-bottom:5%;padding-left:0px\">\n<div class=\"wp-block-columns is-layout-flex wp-container-core-columns-is-layout-6b075e1c wp-block-columns-is-layout-flex\" style=\"margin-bottom:3em\">\n<div class=\"wp-block-column is-layout-flow wp-block-column-is-layout-flow\" style=\"flex-basis:50%\">\n<p class=\"has-text-align-right\">\u0645\u062c\u0644\u0629 \u0633\u0645\u0627\u0648\u0649 \u0646\u064f\u0634\u0631\u062a \u0641\u0649 \u0627\u0644\u0639\u062f\u062f \u0627\u0644\u062b\u0627\u0644\u062b. \u0647\u0630\u0627 \u0627\u0644\u0639\u062f\u062f \u0644\u0645 \u064a\u0634\u0645\u0644 \u0641\u0642\u0637 \u0627\u0644\u062a\u0642\u0627\u0631\u064a\u0631\u0639\u0646 \u0628\u062d\u062b \u0645\u0635\u0631 \u0648\u0644\u0643\u0646\u0647 \u064a\u0634\u0645\u0644 \u0623\u064a\u0636\u0627 \u0645\u062c\u0645\u0648\u0639\u0629 \u0648\u0627\u0633\u0639\u0629 \u0645\u0646 \u0623\u0646\u0634\u0637\u0629 \u0627\u0644\u0623\u0628\u062d\u0627\u062b \u0648\u0646\u062a\u0627\u0626\u062c \u0639\u0644\u0649 \u0627\u0644\u062a\u0631\u0627\u062b \u0627\u0644\u062b\u0642\u0627\u0641\u0649.<\/p>\n\n\n\n<h5 class=\"has-text-align-right wp-block-heading\">\u062c\u062f\u0648\u0644 \u0627\u0644\u0645\u062d\u062a\u0648\u064a\u0627\u062a<\/h5>\n\n\n\n<p class=\"has-text-align-right\"><strong>\u0645\u062c\u0645\u0648\u0639\u0629 \u0627\u0644\u0647\u0646\u062f\u0633\u0629 \u0627\u0644\u062c\u064a\u0648\u062a\u0642\u0646\u064a\u0629<\/strong> <br>Atsushi ITO and Tatsuaki NISHIGATA, Reinforcement Work of Ceiling Rock in Burial Chamber of Idout<br><\/p>\n\n\n\n<p class=\"has-text-align-right\"><strong>\u0645\u062c\u0645\u0648\u0639\u0629 \u0627\u0644\u0635\u064a\u0627\u0646\u0629 \u0648\u0627\u0644\u062a\u0631\u0645\u064a\u0645<\/strong><br>Tadateru NISHIURA, Haruhiro FUJITA, Fernando ASTETE and Carlos CANO, Conservation of Machu-Picchu Archaeological Site [I]: Field Investigation on the Deterioration and Conservation of Remaining Structures<br><\/p>\n\n\n\n<p class=\"has-text-align-right\"><strong>\u0645\u062c\u0645\u0648\u0639\u0629 \u0627\u0644\u062b\u0642\u0627\u0641\u0629 \u0648\u0627\u0644\u0645\u062f\u064a\u0646\u0629<\/strong><br>Tsutomu NAKAZAWA, Formation of the Image of Egypt in 19th Century Britain<\/p>\n\n\n\n<p class=\"has-text-align-right\">Takashi MORI, Christian Evangelists in Ancient Egypt: Outstanding Saints of Coptic Christianity<\/p>\n\n\n\n<p class=\"has-text-align-right\">Eriko OKA, Yu FUKUMOTO, Kanako NARUSE and Sayo IMAI, Life and Spatial Structure in Saqqara Village, a Settlement Adjacent to Archaeological Site (Vol. 3): Townscape and Living<\/p>\n\n\n\n<p class=\"has-text-align-right\">Hiroshi SUITA, Pyramid Texts of Unis (3): Utterances 72-96<\/p>\n\n\n\n<p class=\"has-text-align-right\">Mariko SUITA, Image of Women in Ancient Egyptian Stories<br><\/p>\n\n\n\n<p class=\"has-text-align-right\"><strong>\u0645\u062c\u0645\u0648\u0639\u0629 \u062a\u0646\u0645\u064a\u0629 \u0627\u0644\u062a\u0643\u0646\u0648\u0644\u0648\u062c\u064a\u0627<\/strong><br>Yoshinobu NAKAMURA, Tomoyoshi FUKUDA, Naoyuki UEDA and Syuji FUJII, Characteristic Comparison of Adhesives and Coating Agents for Preservation and Restoration of Cultural Properties<\/p>\n\n\n\n<p class=\"has-text-align-right\">Mitsuyoshi OKAMOTO, Jin SAKAMOTO, Yuko KUMEDA, Kosuke TAKATORI and Tetsuaki TSUCHIDO, A Possibility for the Application of n-Alkanols to Protect Mural Paintings from Fungal Contamination: Antifungal Properties in an Ager Gel Phase<\/p>\n\n\n\n<p class=\"has-text-align-right\">Kosuke TAKATORI, Tetsuaki TSUCHIDO and Yuko KUMEDA, Practical Methods for the Investigation of Indoor Fungi in Cultural Heritage Facilities<\/p>\n<\/div>\n\n\n\n<div class=\"wp-block-column is-layout-flow wp-block-column-is-layout-flow\" style=\"flex-basis:50%\">\n<figure class=\"wp-block-image aligncenter size-large\"><img loading=\"lazy\" decoding=\"async\" width=\"724\" height=\"1024\" src=\"https:\/\/wps.itc.kansai-u.ac.jp\/icp\/wp-content\/uploads\/sites\/289\/2023\/08\/sema-menu3-724x1024.jpg\" alt=\"\" class=\"wp-image-528\" srcset=\"https:\/\/wps.itc.kansai-u.ac.jp\/icp\/wp-content\/uploads\/sites\/289\/2023\/08\/sema-menu3-724x1024.jpg 724w, https:\/\/wps.itc.kansai-u.ac.jp\/icp\/wp-content\/uploads\/sites\/289\/2023\/08\/sema-menu3-212x300.jpg 212w, https:\/\/wps.itc.kansai-u.ac.jp\/icp\/wp-content\/uploads\/sites\/289\/2023\/08\/sema-menu3-768x1086.jpg 768w, https:\/\/wps.itc.kansai-u.ac.jp\/icp\/wp-content\/uploads\/sites\/289\/2023\/08\/sema-menu3-1086x1536.jpg 1086w, https:\/\/wps.itc.kansai-u.ac.jp\/icp\/wp-content\/uploads\/sites\/289\/2023\/08\/sema-menu3-1448x2048.jpg 1448w, https:\/\/wps.itc.kansai-u.ac.jp\/icp\/wp-content\/uploads\/sites\/289\/2023\/08\/sema-menu3.jpg 1500w\" sizes=\"auto, (max-width: 724px) 100vw, 724px\" \/><\/figure>\n<\/div>\n<\/div>\n<\/div>\n\n\n\n<div style=\"height:30px\" aria-hidden=\"true\" class=\"wp-block-spacer\"><\/div>\n\n\n\n<hr class=\"wp-block-separator has-text-color has-alpha-channel-opacity has-background is-style-wide\" style=\"background-color:#1e69b01c;color:#1e69b01c\" \/>\n","protected":false},"excerpt":{"rendered":"<p>\u30db\u30fc\u30e0 \uff1e \u0645\u0646\u0634\u0648\u0631\u0627\u062a Badanie Techniki, Technologii i Stanu Zachowania Malowide\u0142 \u015aciennych Wybranych Artyst\u00f3w M\u0142odej P [&hellip;]<\/p>\n","protected":false},"author":294,"featured_media":0,"parent":787,"menu_order":0,"comment_status":"closed","ping_status":"closed","template":"","meta":{"_monsterinsights_skip_tracking":false,"_monsterinsights_sitenote_active":false,"_monsterinsights_sitenote_note":"","_monsterinsights_sitenote_category":0,"footnotes":""},"class_list":["post-841","page","type-page","status-publish","hentry"],"_links":{"self":[{"href":"https:\/\/wps.itc.kansai-u.ac.jp\/icp\/wp-json\/wp\/v2\/pages\/841","targetHints":{"allow":["GET"]}}],"collection":[{"href":"https:\/\/wps.itc.kansai-u.ac.jp\/icp\/wp-json\/wp\/v2\/pages"}],"about":[{"href":"https:\/\/wps.itc.kansai-u.ac.jp\/icp\/wp-json\/wp\/v2\/types\/page"}],"author":[{"embeddable":true,"href":"https:\/\/wps.itc.kansai-u.ac.jp\/icp\/wp-json\/wp\/v2\/users\/294"}],"replies":[{"embeddable":true,"href":"https:\/\/wps.itc.kansai-u.ac.jp\/icp\/wp-json\/wp\/v2\/comments?post=841"}],"version-history":[{"count":9,"href":"https:\/\/wps.itc.kansai-u.ac.jp\/icp\/wp-json\/wp\/v2\/pages\/841\/revisions"}],"predecessor-version":[{"id":863,"href":"https:\/\/wps.itc.kansai-u.ac.jp\/icp\/wp-json\/wp\/v2\/pages\/841\/revisions\/863"}],"up":[{"embeddable":true,"href":"https:\/\/wps.itc.kansai-u.ac.jp\/icp\/wp-json\/wp\/v2\/pages\/787"}],"wp:attachment":[{"href":"https:\/\/wps.itc.kansai-u.ac.jp\/icp\/wp-json\/wp\/v2\/media?parent=841"}],"curies":[{"name":"wp","href":"https:\/\/api.w.org\/{rel}","templated":true}]}}